{"id":9,"date":"2015-11-19T20:03:48","date_gmt":"2015-11-19T20:03:48","guid":{"rendered":"http:\/\/superedesafios.com.br\/curso\/?page_id=9"},"modified":"2018-07-30T16:36:55","modified_gmt":"2018-07-30T16:36:55","slug":"modulo-2","status":"publish","type":"page","link":"https:\/\/superedesafios.com.br\/curso\/modulo-2\/","title":{"rendered":"M\u00f3dulo 2"},"content":{"rendered":"<ul>\n<li><strong>Abordagem cl\u00e1ssica da Administra\u00e7\u00e3o<\/strong><\/li>\n<\/ul>\n","protected":false},"excerpt":{"rendered":"<p>Abordagem cl\u00e1ssica da Administra\u00e7\u00e3o<\/p>\n","protected":false},"author":1,"featured_media":0,"parent":0,"menu_order":0,"comment_status":"closed","ping_status":"closed","template":"","meta":{"footnotes":""},"class_list":["post-9","page","type-page","status-publish","hentry"],"jetpack_sharing_enabled":true,"_links":{"self":[{"href":"https:\/\/superedesafios.com.br\/curso\/wp-json\/wp\/v2\/pages\/9","targetHints":{"allow":["GET"]}}],"collection":[{"href":"https:\/\/superedesafios.com.br\/curso\/wp-json\/wp\/v2\/pages"}],"about":[{"href":"https:\/\/superedesafios.com.br\/curso\/wp-json\/wp\/v2\/types\/page"}],"author":[{"embeddable":true,"href":"https:\/\/superedesafios.com.br\/curso\/wp-json\/wp\/v2\/users\/1"}],"replies":[{"embeddable":true,"href":"https:\/\/superedesafios.com.br\/curso\/wp-json\/wp\/v2\/comments?post=9"}],"version-history":[{"count":3,"href":"https:\/\/superedesafios.com.br\/curso\/wp-json\/wp\/v2\/pages\/9\/revisions"}],"predecessor-version":[{"id":307,"href":"https:\/\/superedesafios.com.br\/curso\/wp-json\/wp\/v2\/pages\/9\/revisions\/307"}],"wp:attachment":[{"href":"https:\/\/superedesafios.com.br\/curso\/wp-json\/wp\/v2\/media?parent=9"}],"curies":[{"name":"wp","href":"https:\/\/api.w.org\/{rel}","templated":true}]}}