{"id":2,"date":"2015-10-06T17:33:19","date_gmt":"2015-10-06T17:33:19","guid":{"rendered":"http:\/\/superedesafios.com.br\/curso\/?page_id=2"},"modified":"2019-01-29T17:26:55","modified_gmt":"2019-01-29T17:26:55","slug":"sample-page","status":"publish","type":"page","link":"https:\/\/superedesafios.com.br\/curso\/","title":{"rendered":"Minicurso Teoria Geral da Administra\u00e7\u00e3o &#8211; Essencial"},"content":{"rendered":"<div id=\"desc\" class=\"pos-r top-space-for-scroll ud-discover-tracker\" data-action=\"full-description-read\" data-user-id=\"E0ITdVpURXwJUQ==\" data-course-id=\"E0USdVlQQW4=\" data-target-selector-class=\"js-simple-collapse-more-btn\" data-purpose=\"course-description\">\n<h3><strong><img loading=\"lazy\" decoding=\"async\" class=\"aligncenter wp-image-253 size-full\" src=\"http:\/\/superedesafios.com.br\/curso\/wp-content\/uploads\/2018\/07\/curso-tga-essencial.png\" alt=\"teoria geral da administra\u00e7\u00e3o\" width=\"750\" height=\"422\" srcset=\"https:\/\/superedesafios.com.br\/curso\/wp-content\/uploads\/2018\/07\/curso-tga-essencial.png 750w, https:\/\/superedesafios.com.br\/curso\/wp-content\/uploads\/2018\/07\/curso-tga-essencial-300x169.png 300w\" sizes=\"auto, (max-width: 750px) 100vw, 750px\" \/>Descri\u00e7\u00e3o do minicurso<\/strong><\/h3>\n<div class=\"js-simple-collapse-inner\">\n<p>O foco deste curso \u00e9 dar condi\u00e7\u00f5es para que o aluno conhe\u00e7a as principais teorias da administra\u00e7\u00e3o. Este \u00e9 um treinamento introdut\u00f3rio, recomendado para voc\u00ea conhecer as teorias da administra\u00e7\u00e3o.<\/p>\n<p><strong>Este minicurso \u00e9 estruturado para que o aluno conhe\u00e7a o b\u00e1sico da Teoria Geral da Administra\u00e7\u00e3o e suas principais ferramentas.<\/strong><\/p>\n<p>Assista o minicurso e ao final, acesse a p\u00e1gina com o curso completo.<\/p>\n<\/div>\n<\/div>\n<h3 class=\"tab-title\">Quais s\u00e3o as exig\u00eancias?<\/h3>\n<ul class=\"regular-list\">\n<li>N\u00e3o h\u00e1 pr\u00e9-requisito<\/li>\n<li>Um computador com acesso a internet<\/li>\n<\/ul>\n<h3 class=\"tab-title\">O que serei capaz de fazer depois deste curso?<\/h3>\n<ul class=\"regular-list\">\n<li>Conhecer os principais conceitos da Teoria Geral da Administra\u00e7\u00e3o &#8211; Essencial<\/li>\n<\/ul>\n<h3 class=\"tab-title\">Qual \u00e9 o p\u00fablico alvo?<\/h3>\n<ul class=\"regular-list\">\n<li>Pessoas em geral que desejam conhecer a TGA<\/li>\n<li>Pessoas que almejam conhecer a TGA para provas de faculdade<\/li>\n<li>Pessoas que querem conhecer a TGA para provas de concurso<\/li>\n<\/ul>\n","protected":false},"excerpt":{"rendered":"<p>Descri\u00e7\u00e3o do minicurso O foco deste curso \u00e9 dar condi\u00e7\u00f5es para que o aluno conhe\u00e7a as principais teorias da administra\u00e7\u00e3o. Este \u00e9 um treinamento introdut\u00f3rio, recomendado para voc\u00ea conhecer as teorias da administra\u00e7\u00e3o. Este minicurso \u00e9 estruturado para que o aluno conhe\u00e7a o b\u00e1sico da Teoria Geral da Administra\u00e7\u00e3o e&#8230;<\/p>\n","protected":false},"author":1,"featured_media":253,"parent":0,"menu_order":0,"comment_status":"closed","ping_status":"open","template":"","meta":{"footnotes":""},"class_list":["post-2","page","type-page","status-publish","has-post-thumbnail","hentry"],"jetpack_sharing_enabled":true,"_links":{"self":[{"href":"https:\/\/superedesafios.com.br\/curso\/wp-json\/wp\/v2\/pages\/2","targetHints":{"allow":["GET"]}}],"collection":[{"href":"https:\/\/superedesafios.com.br\/curso\/wp-json\/wp\/v2\/pages"}],"about":[{"href":"https:\/\/superedesafios.com.br\/curso\/wp-json\/wp\/v2\/types\/page"}],"author":[{"embeddable":true,"href":"https:\/\/superedesafios.com.br\/curso\/wp-json\/wp\/v2\/users\/1"}],"replies":[{"embeddable":true,"href":"https:\/\/superedesafios.com.br\/curso\/wp-json\/wp\/v2\/comments?post=2"}],"version-history":[{"count":17,"href":"https:\/\/superedesafios.com.br\/curso\/wp-json\/wp\/v2\/pages\/2\/revisions"}],"predecessor-version":[{"id":383,"href":"https:\/\/superedesafios.com.br\/curso\/wp-json\/wp\/v2\/pages\/2\/revisions\/383"}],"wp:featuredmedia":[{"embeddable":true,"href":"https:\/\/superedesafios.com.br\/curso\/wp-json\/wp\/v2\/media\/253"}],"wp:attachment":[{"href":"https:\/\/superedesafios.com.br\/curso\/wp-json\/wp\/v2\/media?parent=2"}],"curies":[{"name":"wp","href":"https:\/\/api.w.org\/{rel}","templated":true}]}}